{"id":40,"date":"2022-05-29T20:10:30","date_gmt":"2022-05-29T18:10:30","guid":{"rendered":"http:\/\/ct-dombes.fr\/?page_id=40"},"modified":"2026-01-02T16:16:00","modified_gmt":"2026-01-02T15:16:00","slug":"sorties-randos","status":"publish","type":"page","link":"https:\/\/ct-dombes.fr\/?page_id=40","title":{"rendered":"SORTIES &#038; RANDOS &#038; H. TRAINER"},"content":{"rendered":"\n<div class=\"wp-block-columns is-layout-flex wp-container-core-columns-is-layout-28f84493 wp-block-columns-is-layout-flex\">\n<div class=\"wp-block-column is-layout-flow wp-block-column-is-layout-flow\" style=\"flex-basis:100%\">\n<div class=\"wp-block-buttons is-content-justification-center is-layout-flex wp-container-core-buttons-is-layout-a89b3969 wp-block-buttons-is-layout-flex\">\n<div class=\"wp-block-button\"><a class=\"wp-block-button__link has-ast-global-color-8-color has-cyan-bluish-gray-background-color has-text-color has-background wp-element-button\" href=\"https:\/\/docs.google.com\/spreadsheets\/d\/1QA-yOlgYxNwleLu4P10aByOmNoViNPYw\/edit#gid=570511236\" target=\"_blank\" rel=\"noreferrer noopener\"><strong>Parcours CTD et Inscription<\/strong><\/a><\/div>\n\n\n\n<div class=\"wp-block-button\"><a class=\"wp-block-button__link has-ast-global-color-8-color has-pale-pink-background-color has-text-color has-background wp-element-button\" href=\"https:\/\/drive.google.com\/file\/d\/1rkXJ9bX5EU_2S3Eyzqv9a2JOOdzS4Yve\/view?usp=drive_link\"><strong>Home Trainer CTD<\/strong><\/a><\/div>\n\n\n\n<div class=\"wp-block-button\"><a class=\"wp-block-button__link has-ast-global-color-8-color has-cyan-bluish-gray-background-color has-text-color has-background wp-element-button\" href=\"https:\/\/docs.google.com\/spreadsheets\/d\/1HnMGkQuhD049scegoPEoepWF-vColfvc\/edit#gid=575052779\" target=\"_blank\" rel=\"noreferrer noopener\"><strong>Calendrier Randos<\/strong><\/a><\/div>\n\n\n\n<div class=\"wp-block-button\"><a class=\"wp-block-button__link has-ast-global-color-8-color has-pale-pink-background-color has-text-color has-background wp-element-button\" href=\"https:\/\/docs.google.com\/spreadsheets\/d\/1-TlFzsYrPgqRNatfZrBTIv8bPBDRa0LO\/edit?usp=drive_link&amp;ouid=115656184798237948284&amp;rtpof=true&amp;sd=true\"><strong>Suivi s\u00e9jours &amp; \u00e9v\u00e9nements cyclos<\/strong>&nbsp;<\/a><\/div>\n<\/div>\n<\/div>\n<\/div>\n\n\n\n<figure class=\"wp-block-image aligncenter size-full\"><a href=\"https:\/\/docs.google.com\/document\/d\/1hIgeMpHbTqphlp97e9XXVpayNfeP5my9\/edit?usp=drive_link&amp;ouid=115656184798237948284&amp;rtpof=true&amp;sd=true)\"><img loading=\"lazy\" decoding=\"async\" width=\"1280\" height=\"720\" src=\"https:\/\/ct-dombes.fr\/wp-content\/uploads\/2026\/01\/Logo-defi-CTD-2026-Touristique-et-Sportif.jpg\" alt=\"\" class=\"wp-image-1225\" srcset=\"https:\/\/ct-dombes.fr\/wp-content\/uploads\/2026\/01\/Logo-defi-CTD-2026-Touristique-et-Sportif.jpg 1280w, https:\/\/ct-dombes.fr\/wp-content\/uploads\/2026\/01\/Logo-defi-CTD-2026-Touristique-et-Sportif-300x169.jpg 300w, https:\/\/ct-dombes.fr\/wp-content\/uploads\/2026\/01\/Logo-defi-CTD-2026-Touristique-et-Sportif-1024x576.jpg 1024w, https:\/\/ct-dombes.fr\/wp-content\/uploads\/2026\/01\/Logo-defi-CTD-2026-Touristique-et-Sportif-768x432.jpg 768w\" sizes=\"auto, (max-width: 1280px) 100vw, 1280px\" \/><\/a><\/figure>\n\n\n\n<p><\/p>\n\n\n\n<h5 class=\"wp-block-heading has-text-align-center has-large-font-size\"><strong>M\u00e9t\u00e9o Saint Maurice de Beynost<\/strong><\/h5>\n\n\n\n<!-- widget meteo -->\n<div id=\"widget_217710e5fd1ba5cf8c36ee605a871d60\">\n<span id=\"l_217710e5fd1ba5cf8c36ee605a871d60\"><a href=\"http:\/\/www.mymeteo.info\/r\/accueil_nJ\">https:\/\/www.my-meteo.com<\/a><\/span>\n<script type=\"text\/javascript\">\n(function() {\n\tvar my = document.createElement(\"script\"); my.type = \"text\/javascript\"; my.async = true;\n\tmy.src = \"https:\/\/services.my-meteo.com\/widget\/js_design?ville=1057&format=horizontal&nb_jours=3&ombre1=000000&c1=ffffff&c2=a9a9a9&c3=ffffff&c4=ffffff&c5=ffffff&police=0&t_icones=2&fond=1&masque=3&x=472&y=150&d=0&id=217710e5fd1ba5cf8c36ee605a871d60\";\n\tvar z = document.getElementsByTagName(\"script\")[0]; z.parentNode.insertBefore(my, z);\n})();\n<\/script>\n<\/div>\n<!-- widget meteo -->\n\n\n\n<div align=\"center\"><iframe allowtransparency frameborder='0' height='200' width='400' margin: 0 auto scrolling=\"no\" \nsrc=\"https:\/\/www.strava.com\/clubs\/1082198\/latest-rides\/502200bac047b3b31ab1423c35b5520178f700c9? show_rides=false\"><\/iframe>\n<\/div>\n\n\n\n<p><\/p>\n\n\n\n<div data-wp-interactive=\"core\/file\" class=\"wp-block-file aligncenter\"><object data-wp-bind--hidden=\"!state.hasPdfPreview\" hidden class=\"wp-block-file__embed\" data=\"https:\/\/ct-dombes.fr\/wp-content\/uploads\/2022\/05\/SORTIES-RANDOS-2.pdf\" type=\"application\/pdf\" style=\"width:100%;height:800px\" aria-label=\"Contenu embarqu\u00e9 SORTIES-RANDOS.\"><\/object><a id=\"wp-block-file--media-d306d095-b8fd-453a-9798-dcddaa4bff29\" href=\"https:\/\/ct-dombes.fr\/?attachment_id=57\" target=\"_blank\" rel=\"noreferrer noopener\">SORTIES-RANDOS<\/a><\/div>\n","protected":false},"excerpt":{"rendered":"<p>M\u00e9t\u00e9o Saint Maurice de Beynost https:\/\/www.my-meteo.com<\/p>\n","protected":false},"author":1,"featured_media":0,"parent":0,"menu_order":0,"comment_status":"closed","ping_status":"closed","template":"","meta":{"_monsterinsights_skip_tracking":false,"_monsterinsights_sitenote_active":false,"_monsterinsights_sitenote_note":"","_monsterinsights_sitenote_category":0,"site-sidebar-layout":"default","site-content-layout":"","ast-site-content-layout":"default","site-content-style":"default","site-sidebar-style":"default","ast-global-header-display":"","ast-banner-title-visibility":"","ast-main-header-display":"","ast-hfb-above-header-display":"","ast-hfb-below-header-display":"","ast-hfb-mobile-header-display":"","site-post-title":"disabled","ast-breadcrumbs-content":"","ast-featured-img":"","footer-sml-layout":"","ast-disable-related-posts":"","theme-transparent-header-meta":"","adv-header-id-meta":"","stick-header-meta":"","header-above-stick-meta":"","header-main-stick-meta":"","header-below-stick-meta":"","astra-migrate-meta-layouts":"set","ast-page-background-enabled":"default","ast-page-background-meta":{"desktop":{"background-color":"var(--ast-global-color-4)","background-image":"","background-repeat":"repeat","background-position":"center center","background-size":"auto","background-attachment":"scroll","background-type":"","background-media":"","overlay-type":"","overlay-color":"","overlay-opacity":"","overlay-gradient":""},"tablet":{"background-color":"","background-image":"","background-repeat":"repeat","background-position":"center center","background-size":"auto","background-attachment":"scroll","background-type":"","background-media":"","overlay-type":"","overlay-color":"","overlay-opacity":"","overlay-gradient":""},"mobile":{"background-color":"","background-image":"","background-repeat":"repeat","background-position":"center center","background-size":"auto","background-attachment":"scroll","background-type":"","background-media":"","overlay-type":"","overlay-color":"","overlay-opacity":"","overlay-gradient":""}},"ast-content-background-meta":{"desktop":{"background-color":"var(--ast-global-color-5)","background-image":"","background-repeat":"repeat","background-position":"center center","background-size":"auto","background-attachment":"scroll","background-type":"","background-media":"","overlay-type":"","overlay-color":"","overlay-opacity":"","overlay-gradient":""},"tablet":{"background-color":"var(--ast-global-color-5)","background-image":"","background-repeat":"repeat","background-position":"center center","background-size":"auto","background-attachment":"scroll","background-type":"","background-media":"","overlay-type":"","overlay-color":"","overlay-opacity":"","overlay-gradient":""},"mobile":{"background-color":"var(--ast-global-color-5)","background-image":"","background-repeat":"repeat","background-position":"center center","background-size":"auto","background-attachment":"scroll","background-type":"","background-media":"","overlay-type":"","overlay-color":"","overlay-opacity":"","overlay-gradient":""}},"_EventAllDay":false,"_EventTimezone":"","_EventStartDate":"","_EventEndDate":"","_EventStartDateUTC":"","_EventEndDateUTC":"","_EventShowMap":false,"_EventShowMapLink":false,"_EventURL":"","_EventCost":"","_EventCostDescription":"","_EventCurrencySymbol":"","_EventCurrencyCode":"","_EventCurrencyPosition":"","_EventDateTimeSeparator":"","_EventTimeRangeSeparator":"","_EventOrganizerID":[],"_EventVenueID":[],"_OrganizerEmail":"","_OrganizerPhone":"","_OrganizerWebsite":"","_VenueAddress":"","_VenueCity":"","_VenueCountry":"","_VenueProvince":"","_VenueState":"","_VenueZip":"","_VenuePhone":"","_VenueURL":"","_VenueStateProvince":"","_VenueLat":"","_VenueLng":"","_VenueShowMap":false,"_VenueShowMapLink":false,"footnotes":""},"class_list":["post-40","page","type-page","status-publish","hentry"],"yoast_head":"<!-- This site is optimized with the Yoast SEO plugin v27.4 - https:\/\/yoast.com\/product\/yoast-seo-wordpress\/ -->\n<title>SORTIES &amp; RANDOS &amp; H. TRAINER - ct-dombes.fr<\/title>\n<meta name=\"robots\" content=\"index, follow, max-snippet:-1, max-image-preview:large, max-video-preview:-1\" \/>\n<link rel=\"canonical\" href=\"https:\/\/ct-dombes.fr\/?page_id=40\" \/>\n<meta property=\"og:locale\" content=\"fr_FR\" \/>\n<meta property=\"og:type\" content=\"article\" \/>\n<meta property=\"og:title\" content=\"SORTIES &amp; RANDOS &amp; H. TRAINER - ct-dombes.fr\" \/>\n<meta property=\"og:description\" content=\"M\u00e9t\u00e9o Saint Maurice de Beynost https:\/\/www.my-meteo.com\" \/>\n<meta property=\"og:url\" content=\"https:\/\/ct-dombes.fr\/?page_id=40\" \/>\n<meta property=\"og:site_name\" content=\"ct-dombes.fr\" \/>\n<meta property=\"article:modified_time\" content=\"2026-01-02T15:16:00+00:00\" \/>\n<meta property=\"og:image\" content=\"https:\/\/ct-dombes.fr\/wp-content\/uploads\/2026\/01\/Logo-defi-CTD-2026-Touristique-et-Sportif.jpg\" \/>\n\t<meta property=\"og:image:width\" content=\"1280\" \/>\n\t<meta property=\"og:image:height\" content=\"720\" \/>\n\t<meta property=\"og:image:type\" content=\"image\/jpeg\" \/>\n<meta name=\"twitter:card\" content=\"summary_large_image\" \/>\n<meta name=\"twitter:label1\" content=\"Dur\u00e9e de lecture estim\u00e9e\" \/>\n\t<meta name=\"twitter:data1\" content=\"1 minute\" \/>\n<script type=\"application\/ld+json\" class=\"yoast-schema-graph\">{\"@context\":\"https:\\\/\\\/schema.org\",\"@graph\":[{\"@type\":\"WebPage\",\"@id\":\"https:\\\/\\\/ct-dombes.fr\\\/?page_id=40\",\"url\":\"https:\\\/\\\/ct-dombes.fr\\\/?page_id=40\",\"name\":\"SORTIES & RANDOS & H. TRAINER - ct-dombes.fr\",\"isPartOf\":{\"@id\":\"https:\\\/\\\/ct-dombes.fr\\\/#website\"},\"primaryImageOfPage\":{\"@id\":\"https:\\\/\\\/ct-dombes.fr\\\/?page_id=40#primaryimage\"},\"image\":{\"@id\":\"https:\\\/\\\/ct-dombes.fr\\\/?page_id=40#primaryimage\"},\"thumbnailUrl\":\"https:\\\/\\\/ct-dombes.fr\\\/wp-content\\\/uploads\\\/2026\\\/01\\\/Logo-defi-CTD-2026-Touristique-et-Sportif.jpg\",\"datePublished\":\"2022-05-29T18:10:30+00:00\",\"dateModified\":\"2026-01-02T15:16:00+00:00\",\"breadcrumb\":{\"@id\":\"https:\\\/\\\/ct-dombes.fr\\\/?page_id=40#breadcrumb\"},\"inLanguage\":\"fr-FR\",\"potentialAction\":[{\"@type\":\"ReadAction\",\"target\":[\"https:\\\/\\\/ct-dombes.fr\\\/?page_id=40\"]}]},{\"@type\":\"ImageObject\",\"inLanguage\":\"fr-FR\",\"@id\":\"https:\\\/\\\/ct-dombes.fr\\\/?page_id=40#primaryimage\",\"url\":\"https:\\\/\\\/ct-dombes.fr\\\/wp-content\\\/uploads\\\/2026\\\/01\\\/Logo-defi-CTD-2026-Touristique-et-Sportif.jpg\",\"contentUrl\":\"https:\\\/\\\/ct-dombes.fr\\\/wp-content\\\/uploads\\\/2026\\\/01\\\/Logo-defi-CTD-2026-Touristique-et-Sportif.jpg\",\"width\":1280,\"height\":720},{\"@type\":\"BreadcrumbList\",\"@id\":\"https:\\\/\\\/ct-dombes.fr\\\/?page_id=40#breadcrumb\",\"itemListElement\":[{\"@type\":\"ListItem\",\"position\":1,\"name\":\"Accueil\",\"item\":\"https:\\\/\\\/ct-dombes.fr\\\/\"},{\"@type\":\"ListItem\",\"position\":2,\"name\":\"SORTIES &#038; RANDOS &#038; H. TRAINER\"}]},{\"@type\":\"WebSite\",\"@id\":\"https:\\\/\\\/ct-dombes.fr\\\/#website\",\"url\":\"https:\\\/\\\/ct-dombes.fr\\\/\",\"name\":\"ct-dombes.fr\",\"description\":\"On part ensemble, on roule ensemble, on rentre ensemble\",\"publisher\":{\"@id\":\"https:\\\/\\\/ct-dombes.fr\\\/#organization\"},\"potentialAction\":[{\"@type\":\"SearchAction\",\"target\":{\"@type\":\"EntryPoint\",\"urlTemplate\":\"https:\\\/\\\/ct-dombes.fr\\\/?s={search_term_string}\"},\"query-input\":{\"@type\":\"PropertyValueSpecification\",\"valueRequired\":true,\"valueName\":\"search_term_string\"}}],\"inLanguage\":\"fr-FR\"},{\"@type\":\"Organization\",\"@id\":\"https:\\\/\\\/ct-dombes.fr\\\/#organization\",\"name\":\"ct-dombes.fr\",\"url\":\"https:\\\/\\\/ct-dombes.fr\\\/\",\"logo\":{\"@type\":\"ImageObject\",\"inLanguage\":\"fr-FR\",\"@id\":\"https:\\\/\\\/ct-dombes.fr\\\/#\\\/schema\\\/logo\\\/image\\\/\",\"url\":\"https:\\\/\\\/ct-dombes.fr\\\/wp-content\\\/uploads\\\/2022\\\/06\\\/cropped-LOGO-CTDombes-2021-1.jpg\",\"contentUrl\":\"https:\\\/\\\/ct-dombes.fr\\\/wp-content\\\/uploads\\\/2022\\\/06\\\/cropped-LOGO-CTDombes-2021-1.jpg\",\"width\":384,\"height\":104,\"caption\":\"ct-dombes.fr\"},\"image\":{\"@id\":\"https:\\\/\\\/ct-dombes.fr\\\/#\\\/schema\\\/logo\\\/image\\\/\"}}]}<\/script>\n<!-- \/ Yoast SEO plugin. -->","yoast_head_json":{"title":"SORTIES & RANDOS & H. TRAINER - ct-dombes.fr","robots":{"index":"index","follow":"follow","max-snippet":"max-snippet:-1","max-image-preview":"max-image-preview:large","max-video-preview":"max-video-preview:-1"},"canonical":"https:\/\/ct-dombes.fr\/?page_id=40","og_locale":"fr_FR","og_type":"article","og_title":"SORTIES & RANDOS & H. TRAINER - ct-dombes.fr","og_description":"M\u00e9t\u00e9o Saint Maurice de Beynost https:\/\/www.my-meteo.com","og_url":"https:\/\/ct-dombes.fr\/?page_id=40","og_site_name":"ct-dombes.fr","article_modified_time":"2026-01-02T15:16:00+00:00","og_image":[{"width":1280,"height":720,"url":"https:\/\/ct-dombes.fr\/wp-content\/uploads\/2026\/01\/Logo-defi-CTD-2026-Touristique-et-Sportif.jpg","type":"image\/jpeg"}],"twitter_card":"summary_large_image","twitter_misc":{"Dur\u00e9e de lecture estim\u00e9e":"1 minute"},"schema":{"@context":"https:\/\/schema.org","@graph":[{"@type":"WebPage","@id":"https:\/\/ct-dombes.fr\/?page_id=40","url":"https:\/\/ct-dombes.fr\/?page_id=40","name":"SORTIES & RANDOS & H. TRAINER - ct-dombes.fr","isPartOf":{"@id":"https:\/\/ct-dombes.fr\/#website"},"primaryImageOfPage":{"@id":"https:\/\/ct-dombes.fr\/?page_id=40#primaryimage"},"image":{"@id":"https:\/\/ct-dombes.fr\/?page_id=40#primaryimage"},"thumbnailUrl":"https:\/\/ct-dombes.fr\/wp-content\/uploads\/2026\/01\/Logo-defi-CTD-2026-Touristique-et-Sportif.jpg","datePublished":"2022-05-29T18:10:30+00:00","dateModified":"2026-01-02T15:16:00+00:00","breadcrumb":{"@id":"https:\/\/ct-dombes.fr\/?page_id=40#breadcrumb"},"inLanguage":"fr-FR","potentialAction":[{"@type":"ReadAction","target":["https:\/\/ct-dombes.fr\/?page_id=40"]}]},{"@type":"ImageObject","inLanguage":"fr-FR","@id":"https:\/\/ct-dombes.fr\/?page_id=40#primaryimage","url":"https:\/\/ct-dombes.fr\/wp-content\/uploads\/2026\/01\/Logo-defi-CTD-2026-Touristique-et-Sportif.jpg","contentUrl":"https:\/\/ct-dombes.fr\/wp-content\/uploads\/2026\/01\/Logo-defi-CTD-2026-Touristique-et-Sportif.jpg","width":1280,"height":720},{"@type":"BreadcrumbList","@id":"https:\/\/ct-dombes.fr\/?page_id=40#breadcrumb","itemListElement":[{"@type":"ListItem","position":1,"name":"Accueil","item":"https:\/\/ct-dombes.fr\/"},{"@type":"ListItem","position":2,"name":"SORTIES &#038; RANDOS &#038; H. TRAINER"}]},{"@type":"WebSite","@id":"https:\/\/ct-dombes.fr\/#website","url":"https:\/\/ct-dombes.fr\/","name":"ct-dombes.fr","description":"On part ensemble, on roule ensemble, on rentre ensemble","publisher":{"@id":"https:\/\/ct-dombes.fr\/#organization"},"potentialAction":[{"@type":"SearchAction","target":{"@type":"EntryPoint","urlTemplate":"https:\/\/ct-dombes.fr\/?s={search_term_string}"},"query-input":{"@type":"PropertyValueSpecification","valueRequired":true,"valueName":"search_term_string"}}],"inLanguage":"fr-FR"},{"@type":"Organization","@id":"https:\/\/ct-dombes.fr\/#organization","name":"ct-dombes.fr","url":"https:\/\/ct-dombes.fr\/","logo":{"@type":"ImageObject","inLanguage":"fr-FR","@id":"https:\/\/ct-dombes.fr\/#\/schema\/logo\/image\/","url":"https:\/\/ct-dombes.fr\/wp-content\/uploads\/2022\/06\/cropped-LOGO-CTDombes-2021-1.jpg","contentUrl":"https:\/\/ct-dombes.fr\/wp-content\/uploads\/2022\/06\/cropped-LOGO-CTDombes-2021-1.jpg","width":384,"height":104,"caption":"ct-dombes.fr"},"image":{"@id":"https:\/\/ct-dombes.fr\/#\/schema\/logo\/image\/"}}]}},"_links":{"self":[{"href":"https:\/\/ct-dombes.fr\/index.php?rest_route=\/wp\/v2\/pages\/40","targetHints":{"allow":["GET"]}}],"collection":[{"href":"https:\/\/ct-dombes.fr\/index.php?rest_route=\/wp\/v2\/pages"}],"about":[{"href":"https:\/\/ct-dombes.fr\/index.php?rest_route=\/wp\/v2\/types\/page"}],"author":[{"embeddable":true,"href":"https:\/\/ct-dombes.fr\/index.php?rest_route=\/wp\/v2\/users\/1"}],"replies":[{"embeddable":true,"href":"https:\/\/ct-dombes.fr\/index.php?rest_route=%2Fwp%2Fv2%2Fcomments&post=40"}],"version-history":[{"count":40,"href":"https:\/\/ct-dombes.fr\/index.php?rest_route=\/wp\/v2\/pages\/40\/revisions"}],"predecessor-version":[{"id":1227,"href":"https:\/\/ct-dombes.fr\/index.php?rest_route=\/wp\/v2\/pages\/40\/revisions\/1227"}],"wp:attachment":[{"href":"https:\/\/ct-dombes.fr\/index.php?rest_route=%2Fwp%2Fv2%2Fmedia&parent=40"}],"curies":[{"name":"wp","href":"https:\/\/api.w.org\/{rel}","templated":true}]}}